{"id":3274,"date":"2023-04-03T20:48:40","date_gmt":"2023-04-03T20:48:40","guid":{"rendered":"https:\/\/rodamientos-r.com\/index.php\/product\/35a35-sprocket-martin\/"},"modified":"2026-01-19T18:59:14","modified_gmt":"2026-01-19T18:59:14","slug":"35a35-sprocket-martin","status":"publish","type":"product","link":"https:\/\/rodamientos-r.com\/index.php\/product\/35a35-sprocket-martin\/","title":{"rendered":"35A35  Sprocket  MARTIN"},"content":{"rendered":"<p><strong>35A35Catarina o Sprocket<\/p>\n<p> <\/strong>No Dientes :  35Paso: 35  <\/p>\n<p>Martin produce diversos y variados sprockets de Fabricaci\u00f3n Especial. Si el sprocket que usted necesita no est\u00e1 en esta secci\u00f3n, ll\u00e1menos.<\/p>\n","protected":false},"excerpt":{"rendered":"<p>Material: Acero Paso: 35  No Dientes :  35  Tipo = A    Diametro Ext:=  4.39pgl  Peso Aprox. (lb)=  1.5pgl  Barreno piloto  Largo total=  \u215epgl.<\/p>\n","protected":false},"featured_media":1748,"comment_status":"closed","ping_status":"closed","template":"","meta":{"om_disable_all_campaigns":false,"_uf_show_specific_survey":0,"_uf_disable_surveys":false},"product_brand":[],"product_cat":[1394],"product_tag":[3471],"class_list":{"0":"post-3274","1":"product","2":"type-product","3":"status-publish","4":"has-post-thumbnail","6":"product_cat-cadenas-y-sprockets","7":"product_tag-35a35-sprocket-martin","9":"first","10":"instock","11":"shipping-taxable","12":"product-type-simple"},"aioseo_notices":[],"jetpack_sharing_enabled":true,"_links":{"self":[{"href":"https:\/\/rodamientos-r.com\/index.php\/wp-json\/wp\/v2\/product\/3274","targetHints":{"allow":["GET"]}}],"collection":[{"href":"https:\/\/rodamientos-r.com\/index.php\/wp-json\/wp\/v2\/product"}],"about":[{"href":"https:\/\/rodamientos-r.com\/index.php\/wp-json\/wp\/v2\/types\/product"}],"replies":[{"embeddable":true,"href":"https:\/\/rodamientos-r.com\/index.php\/wp-json\/wp\/v2\/comments?post=3274"}],"wp:featuredmedia":[{"embeddable":true,"href":"https:\/\/rodamientos-r.com\/index.php\/wp-json\/wp\/v2\/media\/1748"}],"wp:attachment":[{"href":"https:\/\/rodamientos-r.com\/index.php\/wp-json\/wp\/v2\/media?parent=3274"}],"wp:term":[{"taxonomy":"product_brand","embeddable":true,"href":"https:\/\/rodamientos-r.com\/index.php\/wp-json\/wp\/v2\/product_brand?post=3274"},{"taxonomy":"product_cat","embeddable":true,"href":"https:\/\/rodamientos-r.com\/index.php\/wp-json\/wp\/v2\/product_cat?post=3274"},{"taxonomy":"product_tag","embeddable":true,"href":"https:\/\/rodamientos-r.com\/index.php\/wp-json\/wp\/v2\/product_tag?post=3274"}],"curies":[{"name":"wp","href":"https:\/\/api.w.org\/{rel}","templated":true}]}}