{"id":1785,"date":"2023-04-03T20:43:28","date_gmt":"2023-04-03T20:43:28","guid":{"rendered":"https:\/\/rodamientos-r.com\/index.php\/product\/140-2-riv-cadena-link-belt\/"},"modified":"2026-01-19T18:58:47","modified_gmt":"2026-01-19T18:58:47","slug":"140-2-riv-cadena-link-belt","status":"publish","type":"product","link":"https:\/\/rodamientos-r.com\/index.php\/product\/140-2-riv-cadena-link-belt\/","title":{"rendered":"140-2 RIV Cadena LINK BELT"},"content":{"rendered":"<p><strong>140-2 RIV <\/p>\n<p>Cadena de rodillos simple Norma ANSI Americana Remachada<\/strong><\/p>\n<p>Marca:LINK BELT<\/p>\n<p>ANSI:Paso 1401 \u00beISO28B-2<\/p>\n<p>Link-Belt  Cadenas de rodillos seg\u00fan ANSI Las cadenas de rodillos seg\u00fan ANSI son id\u00e9nticas a las cadenas ANSI de otros fabricantes, ya que cumplen lo pro- visto en las normas ANSI B 29,1. Las cadenas de rodillos ANSI de Link-Belt se emplean sobre todo en el sector de la t\u00e9cnica motriz. Existen cadenas m\u00faltiples para una mayor transmisi\u00f3n de fuerza<\/p>\n<p>Presentacion:Caja 10Ft (3.05mts.)Doble<\/p>\n","protected":false},"excerpt":{"rendered":"<p>Paso 140 =p 1 \u00bd pgl Ancho int b1= 1 . 50 mm. Ancho Rodillo d1= 38 . 1 mm. Ancho Eslabon G= 25 . 22 mm. Ancho Total a1= 112.. mm. Carga min. Rotura DIN\/ISO N= 127 0 Peso kg\/Metro 5 . 50<\/p>\n","protected":false},"featured_media":1739,"comment_status":"closed","ping_status":"closed","template":"","meta":{"om_disable_all_campaigns":false,"_uf_show_specific_survey":0,"_uf_disable_surveys":false},"product_brand":[],"product_cat":[1394],"product_tag":[1429],"class_list":{"0":"post-1785","1":"product","2":"type-product","3":"status-publish","4":"has-post-thumbnail","6":"product_cat-cadenas-y-sprockets","7":"product_tag-140-2-riv-cadena-link-belt","9":"first","10":"instock","11":"shipping-taxable","12":"product-type-simple"},"aioseo_notices":[],"jetpack_sharing_enabled":true,"_links":{"self":[{"href":"https:\/\/rodamientos-r.com\/index.php\/wp-json\/wp\/v2\/product\/1785","targetHints":{"allow":["GET"]}}],"collection":[{"href":"https:\/\/rodamientos-r.com\/index.php\/wp-json\/wp\/v2\/product"}],"about":[{"href":"https:\/\/rodamientos-r.com\/index.php\/wp-json\/wp\/v2\/types\/product"}],"replies":[{"embeddable":true,"href":"https:\/\/rodamientos-r.com\/index.php\/wp-json\/wp\/v2\/comments?post=1785"}],"wp:featuredmedia":[{"embeddable":true,"href":"https:\/\/rodamientos-r.com\/index.php\/wp-json\/wp\/v2\/media\/1739"}],"wp:attachment":[{"href":"https:\/\/rodamientos-r.com\/index.php\/wp-json\/wp\/v2\/media?parent=1785"}],"wp:term":[{"taxonomy":"product_brand","embeddable":true,"href":"https:\/\/rodamientos-r.com\/index.php\/wp-json\/wp\/v2\/product_brand?post=1785"},{"taxonomy":"product_cat","embeddable":true,"href":"https:\/\/rodamientos-r.com\/index.php\/wp-json\/wp\/v2\/product_cat?post=1785"},{"taxonomy":"product_tag","embeddable":true,"href":"https:\/\/rodamientos-r.com\/index.php\/wp-json\/wp\/v2\/product_tag?post=1785"}],"curies":[{"name":"wp","href":"https:\/\/api.w.org\/{rel}","templated":true}]}}