{"id":1780,"date":"2023-04-03T20:43:26","date_gmt":"2023-04-03T20:43:26","guid":{"rendered":"https:\/\/rodamientos-r.com\/index.php\/product\/100-1-riv-cadena-link-belt\/"},"modified":"2026-01-19T18:58:46","modified_gmt":"2026-01-19T18:58:46","slug":"100-1-riv-cadena-link-belt","status":"publish","type":"product","link":"https:\/\/rodamientos-r.com\/index.php\/product\/100-1-riv-cadena-link-belt\/","title":{"rendered":"100-1 RIV Cadena LINK BELT"},"content":{"rendered":"<p><strong>100-1 RIV <\/p>\n<p>Cadena de rodillos simple Norma ANSI Americana Remachada<\/strong><\/p>\n<p>Marca:LINK BELT<\/p>\n<p>ANSI:Paso 1001 \u00bcISO20B-1<\/p>\n<p>Link-Belt  Cadenas de rodillos seg\u00fan ANSI Las cadenas de rodillos seg\u00fan ANSI son id\u00e9nticas a las cadenas ANSI de otros fabricantes, ya que cumplen lo pro- visto en las normas ANSI B 29,1. Las cadenas de rodillos ANSI de Link-Belt se emplean sobre todo en el sector de la t\u00e9cnica motriz. Existen cadenas m\u00faltiples para una mayor transmisi\u00f3n de fuerza<\/p>\n<p>Presentacion:Caja 10Ft (3.05mts.)Sencilla<\/p>\n","protected":false},"excerpt":{"rendered":"<p>Paso 100 1.25 1 \u00bc Pgl. (31.75 mm) B= 20.19 mm B1 max.= 23.19 mm B2 max. 27.45 mm C max. 9.54 mm D max. = 19.5 mm E min. = 19.5 mm F = 26.3 mm G = 30.16 mm Nw min = 88500 Peso kg\/Metro=  3.95<\/p>\n","protected":false},"featured_media":1739,"comment_status":"closed","ping_status":"closed","template":"","meta":{"om_disable_all_campaigns":false,"_uf_show_specific_survey":0,"_uf_disable_surveys":false},"product_brand":[],"product_cat":[1394],"product_tag":[1424],"class_list":{"0":"post-1780","1":"product","2":"type-product","3":"status-publish","4":"has-post-thumbnail","6":"product_cat-cadenas-y-sprockets","7":"product_tag-100-1-riv-cadena-link-belt","9":"first","10":"instock","11":"shipping-taxable","12":"product-type-simple"},"aioseo_notices":[],"jetpack_sharing_enabled":true,"_links":{"self":[{"href":"https:\/\/rodamientos-r.com\/index.php\/wp-json\/wp\/v2\/product\/1780","targetHints":{"allow":["GET"]}}],"collection":[{"href":"https:\/\/rodamientos-r.com\/index.php\/wp-json\/wp\/v2\/product"}],"about":[{"href":"https:\/\/rodamientos-r.com\/index.php\/wp-json\/wp\/v2\/types\/product"}],"replies":[{"embeddable":true,"href":"https:\/\/rodamientos-r.com\/index.php\/wp-json\/wp\/v2\/comments?post=1780"}],"wp:featuredmedia":[{"embeddable":true,"href":"https:\/\/rodamientos-r.com\/index.php\/wp-json\/wp\/v2\/media\/1739"}],"wp:attachment":[{"href":"https:\/\/rodamientos-r.com\/index.php\/wp-json\/wp\/v2\/media?parent=1780"}],"wp:term":[{"taxonomy":"product_brand","embeddable":true,"href":"https:\/\/rodamientos-r.com\/index.php\/wp-json\/wp\/v2\/product_brand?post=1780"},{"taxonomy":"product_cat","embeddable":true,"href":"https:\/\/rodamientos-r.com\/index.php\/wp-json\/wp\/v2\/product_cat?post=1780"},{"taxonomy":"product_tag","embeddable":true,"href":"https:\/\/rodamientos-r.com\/index.php\/wp-json\/wp\/v2\/product_tag?post=1780"}],"curies":[{"name":"wp","href":"https:\/\/api.w.org\/{rel}","templated":true}]}}