{"id":1592,"date":"2023-03-29T09:33:47","date_gmt":"2023-03-29T09:33:47","guid":{"rendered":"https:\/\/rodamientos-r.com\/index.php\/product\/10r10-cople-falk\/"},"modified":"2026-01-19T18:18:03","modified_gmt":"2026-01-19T18:18:03","slug":"10r10-cople-falk","status":"publish","type":"product","link":"https:\/\/rodamientos-r.com\/index.php\/product\/10r10-cople-falk\/","title":{"rendered":"20R10 Cople Wrapflex FALK"},"content":{"rendered":"<p><strong>20R10 Falk Tipo 10 Cople Wrapflex Barreno Piloto<\/strong><\/p>\n<p>Marca:FALK<\/p>\n<p>La instalaci\u00f3n y el reemplazo r\u00e1pidos y f\u00e1ciles establecen nuevos est\u00e1ndares para reducir el tiempo de inactividad Debido a que no es necesario mover los motores o los variadores 0. nuestros elementos de &#8220;reemplazo en el lugar&#8221; incluso eliminar la necesidad de una realineaci\u00f3n que requiere mucho tiempo<\/p>\n","protected":false},"excerpt":{"rendered":"<p>Diametro Ext.: A= 5.200in Largo total: B= 4.800in Mamelon Brida: D= 3.620in<\/p>\n","protected":false},"featured_media":16079,"comment_status":"closed","ping_status":"closed","template":"","meta":{"om_disable_all_campaigns":false,"_uf_show_specific_survey":0,"_uf_disable_surveys":false},"product_brand":[17251],"product_cat":[1087],"product_tag":[13014],"class_list":{"0":"post-1592","1":"product","2":"type-product","3":"status-publish","4":"has-post-thumbnail","6":"product_brand-falk","7":"product_cat-coples","8":"product_tag-20r10-cople-wrapflex-falk","10":"first","11":"instock","12":"shipping-taxable","13":"purchasable","14":"product-type-simple"},"aioseo_notices":[],"jetpack_sharing_enabled":true,"_links":{"self":[{"href":"https:\/\/rodamientos-r.com\/index.php\/wp-json\/wp\/v2\/product\/1592","targetHints":{"allow":["GET"]}}],"collection":[{"href":"https:\/\/rodamientos-r.com\/index.php\/wp-json\/wp\/v2\/product"}],"about":[{"href":"https:\/\/rodamientos-r.com\/index.php\/wp-json\/wp\/v2\/types\/product"}],"replies":[{"embeddable":true,"href":"https:\/\/rodamientos-r.com\/index.php\/wp-json\/wp\/v2\/comments?post=1592"}],"wp:featuredmedia":[{"embeddable":true,"href":"https:\/\/rodamientos-r.com\/index.php\/wp-json\/wp\/v2\/media\/16079"}],"wp:attachment":[{"href":"https:\/\/rodamientos-r.com\/index.php\/wp-json\/wp\/v2\/media?parent=1592"}],"wp:term":[{"taxonomy":"product_brand","embeddable":true,"href":"https:\/\/rodamientos-r.com\/index.php\/wp-json\/wp\/v2\/product_brand?post=1592"},{"taxonomy":"product_cat","embeddable":true,"href":"https:\/\/rodamientos-r.com\/index.php\/wp-json\/wp\/v2\/product_cat?post=1592"},{"taxonomy":"product_tag","embeddable":true,"href":"https:\/\/rodamientos-r.com\/index.php\/wp-json\/wp\/v2\/product_tag?post=1592"}],"curies":[{"name":"wp","href":"https:\/\/api.w.org\/{rel}","templated":true}]}}